{"id":7909,"date":"2021-06-02T07:00:30","date_gmt":"2021-06-02T05:00:30","guid":{"rendered":"https:\/\/staging.maisoninteractive.com\/mixedmigrationcenter\/?page_id=7909"},"modified":"2021-06-01T17:41:08","modified_gmt":"2021-06-01T15:41:08","slug":"roadmap-protection-2021","status":"publish","type":"page","link":"https:\/\/staging.maisoninteractive.com\/mixedmigrationcenter\/roadmap-protection-2021\/","title":{"rendered":"Roadmap Protection 2021"},"content":{"rendered":"<div class=\"wpb-content-wrapper\">[vc_row top_header=&#8221;yes&#8221; dark_section=&#8221;yes&#8221;][vc_column width=&#8221;1\/1&#8243;][jeg_ads_block splash_title=&#8221;A Roadmap to Protection in Mixed Movements 2021&#8243; splash_subtitle=&#8221;A Renewed Call for Action&#8221; splash_image=&#8221;8024&#8243;][\/vc_column][\/vc_row][vc_row white_section=&#8221;yes&#8221; white_box=&#8221;yes&#8221;][vc_column width=&#8221;1\/1&#8243;][vc_column_text]\n<h2 style=\"text-align: left;\"><strong>A Roadmap for Advocacy, Policy Development, and Programming: Protection in Mixed Movements along the Central and Western Mediterranean Routes 2021<\/strong><\/h2>\n<p>\u201cA Roadmap for Advocacy, Policy Development, and Programming: Protection in Mixed Movements along the Central and Western Mediterranean Routes 2021\u201d is a renewed call for action initiated by <a href=\"https:\/\/www.unhcr.org\/\">the UN Refugee Agency (UNHCR)<\/a> and the Mixed Migration Centre (MMC).<\/p>\n<p>The Roadmap provides tailored recommendations to improve the protection of refugees and migrants in mixed movements on the Central and Western Mediterranean Routes and should serve as a resource for strategic engagement with different asylum and migration stakeholders at local, national, and international levels.[\/vc_column_text][jeg_post_button horizontal=&#8221;yes&#8221; title=&#8221;Download Roadmap (English, Fran\u00e7ais, \u0639\u0631\u0628\u064a)&#8221; url=&#8221;https:\/\/staging.maisoninteractive.com\/mixedmigrationcenter\/resource\/road-map-2021\/&#8221;][vc_column_text]\n<h2><strong>\u00a0<\/strong><\/h2>\n[\/vc_column_text][vc_column_text]\n<h2><strong>The Challenge<br \/>\n<\/strong><\/h2>\n<p>How should asylum and migration actors respond to people on the move who hold different legal statuses, but travel together along the same routes, use the same smugglers and face similar risks and protection violations while on the move? When should actors differentiate between refugees and migrants whose needs and experiences on the move are similar, and when should this distinction be secondary to an immediate humanitarian response? How can we better understand the factors that influence people\u2019s decision to migrate and their aspirations?<\/p>\n<p>And how do the changes in human mobility, in turn, impact our world, our governance structures, policy frameworks, and vice versa?<\/p>\n<p>The complexity of mixed movement poses challenges to policymakers and practitioners along the Central and Western Mediterranean Routes. The Roadmap sheds light on those challenges and provides a collective path forward to motivate action and lead a necessary yet positive change.<\/p>\n<h2><strong>What makes the Roadmap important?<br \/>\n<\/strong><\/h2>\n<p>More than 40 participants, including persons of concern, researchers and academics, protection actors, policy-makers, and journalists from North, West, East, and the Horn of Africa as well as Europe and North America contributed to and validated the Roadmap, through the production of 25 research papers informing policy, programming and advocacy as well as discussions and debates which took place over a three-day policy workshop convened by UNHCR and MMC from 15 to 17 February 2021.<\/p>\n<p>With the intention to be a more effective call for action, the Roadmap includes observations and voices of people who have experienced some form of displacement along the Central and Western Mediterranean Routes. Refugees and persons of concern must stand at the front lines of research and calls for action, as both subjects and investigators.[\/vc_column_text][\/vc_column][\/vc_row][vc_row white_section=&#8221;yes&#8221; white_box=&#8221;yes&#8221;][vc_column width=&#8221;1\/6&#8243;][\/vc_column][vc_column width=&#8221;2\/3&#8243;][vc_column_text]<div class=\"epyt-video-wrapper\"><iframe loading=\"lazy\"  style=\"display: block; margin: 0px auto;\"  id=\"_ytid_76549\"  width=\"480\" height=\"270\"  data-origwidth=\"480\" data-origheight=\"270\"  data-relstop=\"1\" src=\"https:\/\/www.youtube.com\/embed\/qW24jvUcDCQ?enablejsapi=1&autoplay=0&cc_load_policy=0&cc_lang_pref=&iv_load_policy=1&loop=0&modestbranding=1&rel=0&fs=1&playsinline=0&autohide=2&theme=dark&color=red&controls=1&\" class=\"__youtube_prefs__  no-lazyload\" title=\"YouTube player\"  allow=\"autoplay; encrypted-media\" allowfullscreen data-no-lazy=\"1\" data-skipgform_ajax_framebjll=\"\"><\/iframe><\/div>[\/vc_column_text][\/vc_column][vc_column width=&#8221;1\/6&#8243;][\/vc_column][\/vc_row][vc_row white_section=&#8221;yes&#8221; white_box=&#8221;yes&#8221;][vc_column width=&#8221;1\/1&#8243;][vc_column_text]\n<h2 style=\"text-align: left;\"><strong>Key Recommendations for Advocacy, Policy Development, and Programming on Protection in Mixed Movements:<\/strong><\/h2>\n<p>Below is a glimpse of the broad recommendations put forward and further elaborated upon by the Roadmap to enhance the protection of refugees and migrants in mixed movements on the Central and Western Mediterranean Routes:<\/p>\n<h3><strong><span style=\"color: #009999;\">Emphasise systemic factors<\/span><\/strong><\/h3>\n<p>Pro-actively consider what macro-level factors impact protection for people on the move along the CMR and WMR including, but not limited to, trafficking in persons, human smuggling and gaps in protection frameworks.<\/p>\n<h3><strong><span style=\"color: #009999;\">Implement flexible and adaptive protection programming<\/span><\/strong><\/h3>\n<p>Implement protection programmes that are designed to respond to the changing needs and protection concerns of people on the move along the CMR and WMR.<\/p>\n<h3><strong><span style=\"color: #009999;\">Mobilise local support for national and regional protection frameworks<\/span><\/strong><\/h3>\n<p>Adopt community-based and \u201cwhole-of-society\u201d approaches to support local civil society and their advocacy and solidarity efforts in calling for enhanced protection frameworks.<\/p>\n<h3><strong><span style=\"color: #009999;\">Collaborate with cities and municipalities on urban mixed movement initiatives<\/span><\/strong><\/h3>\n<p><span style=\"color: #000000;\">Increase local capacity-building and delegate more responsibilities and adequate resources to local governing bodies to improve the protection of persons of concern in communities.<\/span><\/p>\n<h3><strong><span style=\"color: #009999;\">Create more comprehensive approaches to combatting trafficking in persons<\/span><\/strong><\/h3>\n<p><span style=\"color: #000000;\">Work towards more comprehensive solutions to combat trafficking in persons, and implement long-term measures to protect victims and potential victims in their communities of origin, transit and destination or resettlement.<\/span><\/p>\n<h3><strong><span style=\"color: #009999;\">Unpack the complex roles and dynamics within smuggling networks for more targeted policies<\/span><\/strong><\/h3>\n<p><span style=\"color: #000000;\">Develop a more nuanced policy approach on smuggling, taking into account smuggling dynamics and moving beyond the criminalisation of smugglers.<\/span><\/p>\n<h3><strong><span style=\"color: #009999;\">Advance child and youth-centered mixed movement programming and policies<\/span><\/strong><\/h3>\n<p><span style=\"color: #000000;\">More research is needed on the experiences, aspirations, capabilities as well as vulnerabilities of children and youth on the move, to make screening and service provision more appropriate to their needs. At the same time, age categories should not limit service provision for children and youth.<\/span><\/p>\n<h3><strong><span style=\"color: #009999;\">Advocate for solutions to enhance the protection of people on the move<\/span><\/strong><\/h3>\n<p><span style=\"color: #000000;\">In the absence of basic legal safeguards for refugees in some North African countries, and the criminalisation of irregular migration, advocating for creative solutions to improve the protection of those on the move requires collective action and collaboration.<\/span><\/p>\n<h3><strong><span style=\"color: #009999;\">Place evidence and research at the centre of programming and policy<\/span><\/strong><\/h3>\n<p><span style=\"color: #000000;\">While evidence and research on people on the move are growing, particularly along the Central and Western Mediterranean routes, it often risks not reaching the right audience or intended targets. This stems from a lack of coordination between research \u201cproducers\u201d and potential \u201cusers\u201d and, at times, a lack of incentives to use evidence and research for programme design, implementation and adaptation.<\/span>[\/vc_column_text][jeg_post_button horizontal=&#8221;yes&#8221; title=&#8221;Watch the Workshop Videos&#8221; url=&#8221;https:\/\/staging.maisoninteractive.com\/mixedmigrationcenter\/articles\/live-unhcr-mmc-policy-workshop\/&#8221;][\/vc_column][\/vc_row][vc_row white_section=&#8221;yes&#8221; white_box=&#8221;yes&#8221;][vc_column width=&#8221;1\/1&#8243;][vc_column_text]\n<h2><strong><span style=\"color: #009999;\">Press Release<br \/>\n<\/span><\/strong><\/h2>\n<p><a href=\"https:\/\/staging.maisoninteractive.com\/mixedmigrationcenter\/wp-content\/uploads\/2021\/05\/Roadmap_Press-Release_ENGLISH_MMCWebsite.pdf\">Download the press release (English)<\/a><\/p>\n<p><a href=\"https:\/\/staging.maisoninteractive.com\/mixedmigrationcenter\/wp-content\/uploads\/2021\/05\/Roadmap_Press-Release_FRENCH_MMCWebsite.pdf\">T\u00e9l\u00e9charger le communiqu\u00e9 de presse (Fran\u00e7ais)<\/a><\/p>\n<p><a href=\"https:\/\/staging.maisoninteractive.com\/mixedmigrationcenter\/wp-content\/uploads\/2021\/05\/Roadmap_Press-Release_ARABIC_MMCWebsite.pdf\"><span data-contrast=\"none\">(<\/span><span data-contrast=\"none\">\u0639\u0631\u0628\u064a<\/span><span data-contrast=\"auto\">)<\/span><span data-contrast=\"auto\">\u00a0<\/span><span data-contrast=\"auto\">\u062a\u062d\u0645\u064a\u0644<\/span><span data-contrast=\"auto\">\u00a0<\/span><span data-contrast=\"auto\">\u0627\u0644<\/span><span data-contrast=\"auto\">\u0628\u064a\u0627\u0646<\/span><span data-contrast=\"auto\">\u00a0<\/span><span data-contrast=\"auto\">\u0627\u0644\u0635\u062d\u0641\u064a<\/span><span data-ccp-props=\"{&quot;201341983&quot;:0,&quot;335551550&quot;:2,&quot;335551620&quot;:2,&quot;335559739&quot;:160,&quot;335559740&quot;:259}\">\u00a0<\/span><\/a><\/p>\n<p>&nbsp;<\/p>\n<p><strong>For more information and media inquiries, please contact:<\/strong><br \/>\nMixed Migration Centre (MMC): <a href=\"mailto:north-africa@mixedmigration.org\">north-africa@mixedmigration.org<\/a>[\/vc_column_text][\/vc_column][\/vc_row][vc_row white_section=&#8221;yes&#8221; white_box=&#8221;yes&#8221;][vc_column width=&#8221;1\/1&#8243;][vc_column_text]<small><strong>Disclaimer:<\/strong> The information, views and opinions expressed in this publication are those of the authors and do not necessarily reflect the official policy or position of the Mixed Migration Centre (MMC), the Danish Refugee Council (DRC) nor the United Nations High Commissioner for Refugees (UNHCR). The policy notes, essays and first-hand accounts included in this volume were first presented at an MMC-UNHCR Policy Workshop in February 2021 and selected through a peer review process that included reviews from MMC, UNHCR and external higher education institutions. The selection of the notes and essays, and the designations and evidence therein, do not imply endorsement on the part of MMC, DRC or UNHCR.<small><\/small><\/small><\/p>\n<p><small><strong>Note on terminology:<\/strong> Mixed movement is a term used by UNHCR. MMC normally applies the term \u201cmixed migration\u201d to refer to cross-border movements of people including refugees fleeing persecution and conflict, victims of trafficking and people seeking better lives and opportunities. See MMC\u2019s full definition of mixed migration and associated terminology <a href=\"https:\/\/staging.maisoninteractive.com\/mixedmigrationcenter\/wp-content\/uploads\/2020\/07\/terminology_MMC-en-fr.pdf\">here<\/a>. UNHCR applies the term \u201cmixed movement,\u201d defined as: The cross-border movement of people, generally in an irregular manner, involving individuals and groups who travel alongside each other, using similar routes and means of transport or facilitators, but for different reasons. People travelling as part of mixed movements have different needs and profiles, and may include asylum-seekers, refugees, victims of trafficking, unaccompanied or separated children, stateless persons and migrants (including migrants in irregular situations or migrants in vulnerable situations). See more on UNHCR\u2019s approach to mixed movements <a href=\"https:\/\/www.unhcr.org\/en\/asylum-and-migration.html\">here.<\/a> In light of the partnership between UNHCR and MMC in publishing the volume based on the policy workshop, the term \u2018mixed movement\u2019 is used.<small><\/small><\/small>[\/vc_column_text][\/vc_column][\/vc_row][vc_column width=&#8221;1\/2&#8243; el_class=&#8221;paddedbox&#8221;][\/vc_column][vc_column width=&#8221;1\/2&#8243;][\/vc_column]\n<\/div>","protected":false},"excerpt":{"rendered":"<p>[vc_row top_header=&#8221;yes&#8221; dark_section=&#8221;yes&#8221;][vc_column width=&#8221;1\/1&#8243;][jeg_ads_block splash_title=&#8221;A Roadmap to Protection in Mixed Movements 2021&#8243; splash_subtitle=&#8221;A Renewed Call for Action&#8221; splash_image=&#8221;8024&#8243;][\/vc_column][\/vc_row][vc_row white_section=&#8221;yes&#8221; white_box=&#8221;yes&#8221;][vc_column width=&#8221;1\/1&#8243;][vc_column_text] A Roadmap for Advocacy, Policy Development, and Programming: Protection in Mixed Movements along the Central and Western Mediterranean Routes 2021 \u201cA Roadmap for Advocacy, Policy Development, and Programming: Protection in Mixed Movements along the&#8230;<\/p>\n","protected":false},"author":2,"featured_media":0,"parent":0,"menu_order":0,"comment_status":"closed","ping_status":"closed","template":"template-landing.php","meta":{"footnotes":""},"class_list":["post-7909","page","type-page","status-publish","hentry"],"acf":[],"_links":{"self":[{"href":"https:\/\/staging.maisoninteractive.com\/mixedmigrationcenter\/wp-json\/wp\/v2\/pages\/7909","targetHints":{"allow":["GET"]}}],"collection":[{"href":"https:\/\/staging.maisoninteractive.com\/mixedmigrationcenter\/wp-json\/wp\/v2\/pages"}],"about":[{"href":"https:\/\/staging.maisoninteractive.com\/mixedmigrationcenter\/wp-json\/wp\/v2\/types\/page"}],"author":[{"embeddable":true,"href":"https:\/\/staging.maisoninteractive.com\/mixedmigrationcenter\/wp-json\/wp\/v2\/users\/2"}],"replies":[{"embeddable":true,"href":"https:\/\/staging.maisoninteractive.com\/mixedmigrationcenter\/wp-json\/wp\/v2\/comments?post=7909"}],"version-history":[{"count":10,"href":"https:\/\/staging.maisoninteractive.com\/mixedmigrationcenter\/wp-json\/wp\/v2\/pages\/7909\/revisions"}],"predecessor-version":[{"id":8105,"href":"https:\/\/staging.maisoninteractive.com\/mixedmigrationcenter\/wp-json\/wp\/v2\/pages\/7909\/revisions\/8105"}],"wp:attachment":[{"href":"https:\/\/staging.maisoninteractive.com\/mixedmigrationcenter\/wp-json\/wp\/v2\/media?parent=7909"}],"curies":[{"name":"wp","href":"https:\/\/api.w.org\/{rel}","templated":true}]}}